{"id":139,"date":"2025-01-20T21:48:42","date_gmt":"2025-01-20T20:48:42","guid":{"rendered":"https:\/\/test.jonesgang.de\/?page_id=139"},"modified":"2025-01-28T20:18:46","modified_gmt":"2025-01-28T19:18:46","slug":"impressum","status":"publish","type":"page","link":"https:\/\/test.jonesgang.de\/?page_id=139","title":{"rendered":"Impressum\u00a0"},"content":{"rendered":"\n<blockquote class=\"wp-block-quote has-white-color has-text-color has-link-color wp-elements-1b575ec8a9996b4a62068b33c1f83a94 is-layout-flow wp-block-quote-is-layout-flow\">\n<p class=\"has-white-color has-text-color has-link-color wp-elements-e17e4bda894b345c63b77a2c9ec57c6e\">Inhaltlich verantwortlich:<br>Detlev Lauschke \u00b7 Fuhlsb\u00fctteler Weg 27 \u00b7 22453 Hamburg<br>dave@jonesgang.de \u00b7 Tel.: +49 40 555 12 01<\/p>\n\n\n\n<p class=\"has-white-color has-text-color has-link-color wp-elements-a6cb7e8344c37b228b28938d64bd1f0a\"><strong>URHEBERRECHT<br><\/strong><strong>HAFTUNG F\u00dcR DIE ABRUFBAREN INHALTE<br><\/strong><strong>HAFTUNG F\u00dcR LINKS<\/strong><\/p>\n<\/blockquote>\n\n\n\n<blockquote class=\"wp-block-quote has-white-color has-text-color has-link-color wp-elements-029d5402a4fd24e55df00d57e05d710c is-layout-flow wp-block-quote-is-layout-flow\">\n<p class=\"has-white-color has-text-color has-link-color wp-elements-aee58d7002d7c326ee5c18868ec0d1f1\"><strong>Urheberrecht&nbsp;<\/strong>Diese Webseiten und deren Inhalte unterliegen dem deutschen Leistungsschutz- und Urheberrecht. Unerlaubte Vervielf\u00e4ltigungen au\u00dferhalb der engen Grenzen des UrhG sind ohne die schriftliche Zustimmung von uns verboten.&nbsp;<\/p>\n<\/blockquote>\n\n\n\n<blockquote class=\"wp-block-quote has-white-color has-text-color has-link-color wp-elements-c011840cded2019e414d0b19b1a9912d is-layout-flow wp-block-quote-is-layout-flow\">\n<p class=\"has-white-color has-text-color has-link-color wp-elements-1825b9ce299b5e5b9328d418c3c9aa66\"><strong><\/strong><strong>Haftung f\u00fcr die abrufbaren Inhalte&nbsp;<\/strong>Die hier abrufbaren Inhalte erheben keinen Anspruch auf Vollst\u00e4ndigkeit. Sie haben vielmehr einen informativen Charakter, ohne dass f\u00fcr die Richtigkeit Gew\u00e4hr \u00fcbernommen wird.<\/p>\n<\/blockquote>\n\n\n\n<blockquote class=\"wp-block-quote is-layout-flow wp-block-quote-is-layout-flow\">\n<p class=\"has-white-color has-text-color has-link-color wp-elements-78a6af6bd8efda9191dc3d7608e6ab97\"><strong>Haftung f\u00fcr Links<\/strong>Die im Rahmen dieses Angebotes weiterverweisenden externen Links zu Angeboten Dritter f\u00fchren zu Inhalten der jeweiligen Anbieter und sind nicht unsrige. Diese Verweise sind als solche aus dem Zusammenhang erkennbar oder gesondert gekennzeichnet. Wir haben keinerlei Einfluss auf die dort bereitgehaltenen Inhalte und macht sich diese durch die Verweise nicht zu eigen. Insbesondere distanzieren wir uns ausdr\u00fccklich von den dort abrufbaren \u00c4u\u00dferungen.<\/p>\n<\/blockquote>\n\n\n\n<blockquote class=\"wp-block-quote has-white-color has-text-color has-link-color wp-elements-658a718ff2f96e50e4526bf7ae8ed926 is-layout-flow wp-block-quote-is-layout-flow\">\n<p class=\"has-white-color has-text-color has-link-color wp-elements-2a3722d8114864bffe82ef2d88303dd5\">Die Inhalte unserer Seiten wurden mit gr\u00f6\u00dfter Sorgfalt erstellt. F\u00fcr die Richtigkeit, Vollst\u00e4ndigkeit und Aktualit\u00e4t der Inhalte k\u00f6nnen wir jedoch keine Gew\u00e4hr \u00fcbernehmen.<\/p>\n<\/blockquote>\n\n\n\n<blockquote class=\"wp-block-quote is-layout-flow wp-block-quote-is-layout-flow\">\n<p class=\"has-white-color has-text-color has-link-color wp-elements-425f120afe7b68cc20b0f50667fa753b\">Als Diensteanbieter sind wir gem\u00e4\u00df \u00a7 7 Abs.1 TMG f\u00fcr eigene Inhalte auf diesen Seiten nach den allgemeinen Gesetzen verantwortlich. Nach \u00a7\u00a7 8 bis 10 TMG sind wir als Diensteanbieter jedoch nicht verpflichtet, \u00fcbermittelte oder gespeicherte fremde Informationen zu \u00fcberwachen oder nach Umst\u00e4nden zu forschen, die auf eine rechtswidrige T\u00e4tigkeit hinweisen. Verpflichtungen zur Entfernung oder Sperrung der Nutzung von Informationen nach den allgemeinen Gesetzen bleiben hiervon unber\u00fchrt. Eine diesbez\u00fcgliche Haftung ist jedoch erst ab dem Zeitpunkt der Kenntnis einer konkreten Rechtsverletzung m\u00f6glich. Bei bekannt werden von entsprechenden Rechtsverletzungen werden wir diese Inhalte umgehend entfernen.<\/p>\n<\/blockquote>\n\n\n\n<p class=\"has-white-color has-text-color has-link-color wp-elements-c645e628e62f8fbab9d9726851472d16\"><\/p>\n\n\n\n<p><\/p>\n","protected":false},"excerpt":{"rendered":"<p>Inhaltlich verantwortlich:Detlev Lauschke \u00b7 Fuhlsb\u00fctteler Weg 27 \u00b7 22453 Hamburgdave@jonesgang.de \u00b7 Tel.: +49 40 555 12 01 URHEBERRECHTHAFTUNG F\u00dcR DIE ABRUFBAREN INHALTEHAFTUNG F\u00dcR LINKS Urheberrecht&nbsp;Diese Webseiten und deren Inhalte unterliegen dem deutschen Leistungsschutz- und Urheberrecht. Unerlaubte Vervielf\u00e4ltigungen au\u00dferhalb der engen Grenzen des UrhG sind ohne die schriftliche Zustimmung von uns verboten.&nbsp; Haftung f\u00fcr die abrufbaren [&hellip;]<\/p>\n","protected":false},"author":1,"featured_media":0,"parent":0,"menu_order":0,"comment_status":"closed","ping_status":"closed","template":"","meta":{"site-sidebar-layout":"default","site-content-layout":"","ast-site-content-layout":"default","site-content-style":"default","site-sidebar-style":"default","ast-global-header-display":"","ast-banner-title-visibility":"","ast-main-header-display":"","ast-hfb-above-header-display":"","ast-hfb-below-header-display":"","ast-hfb-mobile-header-display":"","site-post-title":"","ast-breadcrumbs-content":"","ast-featured-img":"","footer-sml-layout":"","ast-disable-related-posts":"","theme-transparent-header-meta":"","adv-header-id-meta":"","stick-header-meta":"","header-above-stick-meta":"","header-main-stick-meta":"","header-below-stick-meta":"","astra-migrate-meta-layouts":"set","ast-page-background-enabled":"default","ast-page-background-meta":{"desktop":{"background-color":"var(--ast-global-color-4)","background-image":"","background-repeat":"repeat","background-position":"center center","background-size":"auto","background-attachment":"scroll","background-type":"","background-media":"","overlay-type":"","overlay-color":"","overlay-opacity":"","overlay-gradient":""},"tablet":{"background-color":"","background-image":"","background-repeat":"repeat","background-position":"center center","background-size":"auto","background-attachment":"scroll","background-type":"","background-media":"","overlay-type":"","overlay-color":"","overlay-opacity":"","overlay-gradient":""},"mobile":{"background-color":"","background-image":"","background-repeat":"repeat","background-position":"center center","background-size":"auto","background-attachment":"scroll","background-type":"","background-media":"","overlay-type":"","overlay-color":"","overlay-opacity":"","overlay-gradient":""}},"ast-content-background-meta":{"desktop":{"background-color":"var(--ast-global-color-5)","background-image":"","background-repeat":"repeat","background-position":"center center","background-size":"auto","background-attachment":"scroll","background-type":"","background-media":"","overlay-type":"","overlay-color":"","overlay-opacity":"","overlay-gradient":""},"tablet":{"background-color":"var(--ast-global-color-5)","background-image":"","background-repeat":"repeat","background-position":"center center","background-size":"auto","background-attachment":"scroll","background-type":"","background-media":"","overlay-type":"","overlay-color":"","overlay-opacity":"","overlay-gradient":""},"mobile":{"background-color":"var(--ast-global-color-5)","background-image":"","background-repeat":"repeat","background-position":"center center","background-size":"auto","background-attachment":"scroll","background-type":"","background-media":"","overlay-type":"","overlay-color":"","overlay-opacity":"","overlay-gradient":""}},"footnotes":""},"class_list":["post-139","page","type-page","status-publish","hentry"],"_links":{"self":[{"href":"https:\/\/test.jonesgang.de\/index.php?rest_route=\/wp\/v2\/pages\/139","targetHints":{"allow":["GET"]}}],"collection":[{"href":"https:\/\/test.jonesgang.de\/index.php?rest_route=\/wp\/v2\/pages"}],"about":[{"href":"https:\/\/test.jonesgang.de\/index.php?rest_route=\/wp\/v2\/types\/page"}],"author":[{"embeddable":true,"href":"https:\/\/test.jonesgang.de\/index.php?rest_route=\/wp\/v2\/users\/1"}],"replies":[{"embeddable":true,"href":"https:\/\/test.jonesgang.de\/index.php?rest_route=%2Fwp%2Fv2%2Fcomments&post=139"}],"version-history":[{"count":2,"href":"https:\/\/test.jonesgang.de\/index.php?rest_route=\/wp\/v2\/pages\/139\/revisions"}],"predecessor-version":[{"id":219,"href":"https:\/\/test.jonesgang.de\/index.php?rest_route=\/wp\/v2\/pages\/139\/revisions\/219"}],"wp:attachment":[{"href":"https:\/\/test.jonesgang.de\/index.php?rest_route=%2Fwp%2Fv2%2Fmedia&parent=139"}],"curies":[{"name":"wp","href":"https:\/\/api.w.org\/{rel}","templated":true}]}}