{"id":58,"date":"2025-01-18T18:24:43","date_gmt":"2025-01-18T17:24:43","guid":{"rendered":"https:\/\/test.jonesgang.de\/?page_id=58"},"modified":"2025-01-28T21:45:58","modified_gmt":"2025-01-28T20:45:58","slug":"test","status":"publish","type":"page","link":"https:\/\/test.jonesgang.de\/","title":{"rendered":"Wir bringen Eure Veranstaltung zum Rocken!"},"content":{"rendered":"\n<p><\/p>\n\n\n\n<h1 class=\"wp-block-heading has-text-align-center has-white-color has-text-color has-link-color wp-elements-b9426357944da1c05b163d20798a8b6b\">Wir bringen Euch zum Rocken!<\/h1>\n\n\n\n<p class=\"has-text-align-center has-white-color has-text-color has-link-color wp-elements-89371af29c127f287d7cb4219e6eacff\">Perfekt sind wir nicht, aber wir k\u00f6nnen laut!<br>Okay, vielleicht sind wir nicht mehr die bestaussehendste Band der Welt, aber wir k\u00f6nnen immer noch verdammt gut Musik machen. Und das ist es doch, was z\u00e4hlt, oder? Wir sind die Jonesgang (sprich: Joohnsg\u00e4ng) aus Hamburg und wir spielen alles, was uns und euch Spa\u00df macht &#8211; von AC\/DC bis Queen und ZZ-Top. Unser mehrstimmiger Gesang ist so gut, dass er dich zum Weinen bringen wird (vor Freude, nat\u00fcrlich!). Jetzt zum Gesch\u00e4ftlichen: Egal, ob du deinen Geburtstag, den Ruhestand oder eine Scheidungsparty feierst &#8211; wir sind dabei und sorgen f\u00fcr die richtige Stimmung. Also, buch uns, bevor es jemand anderes tut!<\/p>\n\n\n\n<hr class=\"wp-block-separator has-alpha-channel-opacity\"\/>\n\n\n\n<figure class=\"wp-block-image aligncenter size-full is-style-default\"><img loading=\"lazy\" decoding=\"async\" width=\"740\" height=\"521\" src=\"https:\/\/test.jonesgang.de\/wp-content\/uploads\/2022\/06\/ber-40-party-11-kopie-743x528-740x521-1.jpg\" alt=\"Jonesgang Bandfoto\" class=\"wp-image-15\" srcset=\"https:\/\/test.jonesgang.de\/wp-content\/uploads\/2022\/06\/ber-40-party-11-kopie-743x528-740x521-1.jpg 740w, https:\/\/test.jonesgang.de\/wp-content\/uploads\/2022\/06\/ber-40-party-11-kopie-743x528-740x521-1-300x211.jpg 300w\" sizes=\"auto, (max-width: 740px) 100vw, 740px\" \/><figcaption class=\"wp-element-caption\">Jason, Richie, Pete &amp; Dixie<\/figcaption><\/figure>\n\n\n\n<figure class=\"wp-block-image aligncenter size-full is-resized\"><img loading=\"lazy\" decoding=\"async\" width=\"16\" height=\"16\" src=\"https:\/\/test.jonesgang.de\/wp-content\/uploads\/2025\/01\/favicon-16x16-1.png\" alt=\"FavIcon\" class=\"wp-image-56\" style=\"width:40px\"\/><\/figure>\n\n\n\n<h2 class=\"wp-block-heading has-text-align-center has-ast-global-color-0-background-color has-background\">Die Gang<\/h2>\n\n\n\n<div class=\"wp-block-columns is-layout-flex wp-container-core-columns-is-layout-28f84493 wp-block-columns-is-layout-flex\">\n<div class=\"wp-block-column is-layout-flow wp-block-column-is-layout-flow\" style=\"flex-basis:33.33%\">\n<figure class=\"wp-block-image size-full is-resized\"><img loading=\"lazy\" decoding=\"async\" width=\"163\" height=\"244\" src=\"https:\/\/test.jonesgang.de\/wp-content\/uploads\/2025\/01\/band-pete01-1-204x305-1.png\" alt=\"Pete Jones \/ Bass\" class=\"wp-image-87\" style=\"width:277px;height:auto\"\/><\/figure>\n<\/div>\n\n\n\n<div class=\"wp-block-column is-layout-flow wp-block-column-is-layout-flow\" style=\"flex-basis:66.66%\">\n<figure class=\"wp-block-pullquote has-ast-global-color-5-color has-text-color has-link-color wp-elements-14ffcd42deb4cee2ad30c7299018df65\"><blockquote><p>1965 begann alles mit der E-Gitarre meines Bruders. D\u00fcnne Saiten zu spielen tat weh, also probierte ich die dicken Saiten und mir war klar: Der Bass ist mein Instrument. Die pulsierenden Basslinien der Beatles haben mich damals ebenso fasziniert wie heute. Als Bassist der JonesGang ist es mir eine Ehre, das Fundament zum Sound der Band zu legen. <br><br>Die B\u00fchne ist f\u00fcr mich mehr als nur ein Ort, um Musik zu machen \u2013 sie ist mein Zuhause.<\/p><cite>Pete Jones \/ Bass, Vocals<\/cite><\/blockquote><\/figure>\n<\/div>\n<\/div>\n\n\n\n<div class=\"wp-block-columns is-layout-flex wp-container-core-columns-is-layout-28f84493 wp-block-columns-is-layout-flex\">\n<div class=\"wp-block-column is-layout-flow wp-block-column-is-layout-flow\" style=\"flex-basis:33.33%\">\n<figure class=\"wp-block-image size-full is-resized\"><img loading=\"lazy\" decoding=\"async\" width=\"151\" height=\"197\" src=\"https:\/\/test.jonesgang.de\/wp-content\/uploads\/2025\/01\/band-richie01-1-211x275-1-edited.png\" alt=\"Richie Jones \/ Gitarre\" class=\"wp-image-123\" style=\"width:277px;height:auto\"\/><\/figure>\n<\/div>\n\n\n\n<div class=\"wp-block-column is-layout-flow wp-block-column-is-layout-flow\" style=\"flex-basis:66.66%\">\n<figure class=\"wp-block-pullquote has-ast-global-color-5-color has-text-color has-link-color wp-elements-38649718d8b5a2c8e7a5dd7fe4caf4e0\"><blockquote><p>Ich bin&nbsp;ein echter Hamburger Jung. Erste Gitarre mit 10, erste E-Gitarre mit 16, erste Band mit 17. Neben der JonesGang bin ich noch Gitarrist und S\u00e4nger bei &#8222;<a href=\"https:\/\/www.die-paniker.de\/\">Der Udonaut und die Paniker<\/a>&#8222;, &#8222;Sammy&#8217;s Saloon&#8220; und ein paar anderen Bands. Immer f\u00fcr &#8217;ne Session zu haben. Richie&#8217;s eigene Homepage findet ihr hier.<br><a href=\"https:\/\/www.richiejones.de\/\">Richie who?!?<\/a><br>Ach, und&#8230; ganz wichtig:<br><strong>NUR DER HSV!&nbsp;<\/strong><\/p><cite>Richie Jones \/ Gitarre, Vocals<\/cite><\/blockquote><\/figure>\n<\/div>\n<\/div>\n\n\n\n<div class=\"wp-block-columns is-layout-flex wp-container-core-columns-is-layout-28f84493 wp-block-columns-is-layout-flex\">\n<div class=\"wp-block-column is-layout-flow wp-block-column-is-layout-flow\" style=\"flex-basis:33.33%\">\n<figure class=\"wp-block-image size-full is-resized\"><img loading=\"lazy\" decoding=\"async\" width=\"270\" height=\"180\" src=\"https:\/\/test.jonesgang.de\/wp-content\/uploads\/2025\/01\/band-jason01-1-338x226-1.png\" alt=\"Jason Jones \/ Keyboards\" class=\"wp-image-86\" style=\"width:277px;height:auto\"\/><\/figure>\n<\/div>\n\n\n\n<div class=\"wp-block-column is-layout-flow wp-block-column-is-layout-flow\" style=\"flex-basis:66.66%\">\n<figure class=\"wp-block-pullquote has-ast-global-color-5-color has-text-color has-link-color wp-elements-df42bff8524abecb947a56e41658dc21\"><blockquote><p>Schon als Kind war ich von der Musik fasziniert. Meine erste Heimorgel mit Gebl\u00e4se war der Beginn einer lebenslangen Leidenschaft. Seitdem bin ich in unz\u00e4hligen Bands und Projekten aktiv. Als Keyboarder trage ich gerne meinen Senf dazu bei, wie ein Song klingen soll. In der Gang teilen wir nicht nur die Liebe zur Musik, sondern auch die Leidenschaft f\u00fcr den HSV.<\/p><cite>Jason Jones \/ Keyboards, Vocals<\/cite><\/blockquote><\/figure>\n<\/div>\n<\/div>\n\n\n\n<div class=\"wp-block-columns is-layout-flex wp-container-core-columns-is-layout-28f84493 wp-block-columns-is-layout-flex\">\n<div class=\"wp-block-column is-layout-flow wp-block-column-is-layout-flow\" style=\"flex-basis:33.33%\">\n<figure class=\"wp-block-image size-full is-resized\"><img loading=\"lazy\" decoding=\"async\" width=\"275\" height=\"184\" src=\"https:\/\/test.jonesgang.de\/wp-content\/uploads\/2025\/01\/band-dixie01-1-345x230-1.png\" alt=\"Dixie Jones \/ Drums\" class=\"wp-image-85\" style=\"width:277px;height:auto\"\/><\/figure>\n<\/div>\n\n\n\n<div class=\"wp-block-column is-layout-flow wp-block-column-is-layout-flow\" style=\"flex-basis:66.66%\">\n<figure class=\"wp-block-pullquote has-ast-global-color-5-color has-text-color has-link-color wp-elements-7aca863754631bdb56f1f56dd3fc9e63\"><blockquote><p>Meine musikalische Reise begann im M\u00fcnsterland, wo ich in verschiedenen Coverbands die B\u00fchne unsicher gemacht habe. Der Wechsel nach Hamburg brachte eine neue musikalische Herausforderung mit sich. Seit 2014 bin ich Teil der Jonesgang und sch\u00e4tze den au\u00dfergew\u00f6hnlichen Spirit dieser Band.<\/p><cite>Dixie Jones \/ Drums<\/cite><\/blockquote><\/figure>\n<\/div>\n<\/div>\n\n\n\n<figure class=\"wp-block-image aligncenter size-full is-resized\"><img loading=\"lazy\" decoding=\"async\" width=\"16\" height=\"16\" src=\"https:\/\/test.jonesgang.de\/wp-content\/uploads\/2025\/01\/favicon-16x16-1.png\" alt=\"FavIcon\" class=\"wp-image-56\" style=\"width:40px\"\/><\/figure>\n\n\n\n<h2 class=\"wp-block-heading has-text-align-center has-white-color has-ast-global-color-0-background-color has-text-color has-background has-link-color wp-elements-6509da377f1f7bf69e5a4c0218e64dbc\">Schnappsch\u00fcsse<\/h2>\n\n\n\n<figure class=\"wp-block-gallery has-nested-images columns-default is-cropped wp-block-gallery-1 is-layout-flex wp-block-gallery-is-layout-flex\">\n<figure class=\"wp-block-image size-full\"><img loading=\"lazy\" decoding=\"async\" width=\"2000\" height=\"1335\" data-id=\"202\" src=\"https:\/\/test.jonesgang.de\/wp-content\/uploads\/2025\/01\/stage_001.jpg\" alt=\"\" class=\"wp-image-202\" srcset=\"https:\/\/test.jonesgang.de\/wp-content\/uploads\/2025\/01\/stage_001.jpg 2000w, https:\/\/test.jonesgang.de\/wp-content\/uploads\/2025\/01\/stage_001-300x200.jpg 300w, https:\/\/test.jonesgang.de\/wp-content\/uploads\/2025\/01\/stage_001-1024x684.jpg 1024w, https:\/\/test.jonesgang.de\/wp-content\/uploads\/2025\/01\/stage_001-768x513.jpg 768w, https:\/\/test.jonesgang.de\/wp-content\/uploads\/2025\/01\/stage_001-1536x1025.jpg 1536w\" sizes=\"auto, (max-width: 2000px) 100vw, 2000px\" \/><\/figure>\n\n\n\n<figure class=\"wp-block-image size-full\"><img loading=\"lazy\" decoding=\"async\" width=\"800\" height=\"600\" data-id=\"203\" src=\"https:\/\/test.jonesgang.de\/wp-content\/uploads\/2025\/01\/stage_002.jpg\" alt=\"\" class=\"wp-image-203\" srcset=\"https:\/\/test.jonesgang.de\/wp-content\/uploads\/2025\/01\/stage_002.jpg 800w, https:\/\/test.jonesgang.de\/wp-content\/uploads\/2025\/01\/stage_002-300x225.jpg 300w, https:\/\/test.jonesgang.de\/wp-content\/uploads\/2025\/01\/stage_002-768x576.jpg 768w\" sizes=\"auto, (max-width: 800px) 100vw, 800px\" \/><\/figure>\n\n\n\n<figure class=\"wp-block-image size-full\"><img loading=\"lazy\" decoding=\"async\" width=\"800\" height=\"533\" data-id=\"205\" src=\"https:\/\/test.jonesgang.de\/wp-content\/uploads\/2025\/01\/stage_004.jpg\" alt=\"\" class=\"wp-image-205\" srcset=\"https:\/\/test.jonesgang.de\/wp-content\/uploads\/2025\/01\/stage_004.jpg 800w, https:\/\/test.jonesgang.de\/wp-content\/uploads\/2025\/01\/stage_004-300x200.jpg 300w, https:\/\/test.jonesgang.de\/wp-content\/uploads\/2025\/01\/stage_004-768x512.jpg 768w\" sizes=\"auto, (max-width: 800px) 100vw, 800px\" \/><\/figure>\n\n\n\n<figure class=\"wp-block-image size-full\"><img loading=\"lazy\" decoding=\"async\" width=\"1024\" height=\"768\" data-id=\"204\" src=\"https:\/\/test.jonesgang.de\/wp-content\/uploads\/2025\/01\/stage_003.jpg\" alt=\"\" class=\"wp-image-204\" srcset=\"https:\/\/test.jonesgang.de\/wp-content\/uploads\/2025\/01\/stage_003.jpg 1024w, https:\/\/test.jonesgang.de\/wp-content\/uploads\/2025\/01\/stage_003-300x225.jpg 300w, https:\/\/test.jonesgang.de\/wp-content\/uploads\/2025\/01\/stage_003-768x576.jpg 768w\" sizes=\"auto, (max-width: 1024px) 100vw, 1024px\" \/><\/figure>\n<\/figure>\n\n\n\n<figure class=\"wp-block-image aligncenter size-full is-resized\"><img loading=\"lazy\" decoding=\"async\" width=\"16\" height=\"16\" src=\"https:\/\/test.jonesgang.de\/wp-content\/uploads\/2025\/01\/favicon-16x16-1.png\" alt=\"FavIcon\" class=\"wp-image-56\" style=\"width:40px\"\/><\/figure>\n\n\n\n<h2 class=\"wp-block-heading has-text-align-center has-ast-global-color-5-color has-ast-global-color-0-background-color has-text-color has-background has-link-color wp-elements-ccd89355fb8782ba115bc65f1a629f25\">Bewegte Bilder<\/h2>\n\n\n\n<figure class=\"wp-block-embed is-type-video is-provider-youtube wp-block-embed-youtube wp-embed-aspect-16-9 wp-has-aspect-ratio\"><div class=\"wp-block-embed__wrapper\">\n<iframe loading=\"lazy\" title=\"15 Jahre Jonesgang\" width=\"500\" height=\"281\" src=\"https:\/\/www.youtube.com\/embed\/E8lYo8a0Y9k?feature=oembed\" frameborder=\"0\" allow=\"accelerometer; autoplay; clipboard-write; encrypted-media; gyroscope; picture-in-picture; web-share\" referrerpolicy=\"strict-origin-when-cross-origin\" allowfullscreen><\/iframe>\n<\/div><\/figure>\n\n\n\n<p class=\"has-white-color has-text-color has-link-color wp-elements-d35105977df254c52eb602912985a980\">10 Jahre her: 15 Jahre Jonesgang<\/p>\n\n\n\n<figure class=\"wp-block-image aligncenter size-full is-resized\"><img loading=\"lazy\" decoding=\"async\" width=\"16\" height=\"16\" src=\"https:\/\/test.jonesgang.de\/wp-content\/uploads\/2025\/01\/favicon-16x16-1.png\" alt=\"FavIcon\" class=\"wp-image-56\" style=\"width:40px\"\/><\/figure>\n\n\n\n<h2 class=\"wp-block-heading has-text-align-center has-white-color has-vivid-cyan-blue-background-color has-text-color has-background has-link-color wp-elements-137195faf859e5da44ac2ff9fbc7497e\">Titelliste<\/h2>\n\n\n\n<p class=\"has-text-align-center has-ast-global-color-5-color has-text-color has-link-color wp-elements-44cde3ff97523e93c1ce553589d01928\"><strong>AC\/DC<\/strong><br>Back in black<br>Hell\u2019s Bells<br>Highway to Hell<br>T.N.T.<br>Thunderstruck<br>Touch too much<br>Whole lotta Rosie<br>You shook me all night long<\/p>\n\n\n\n<p class=\"has-text-align-center has-ast-global-color-5-color has-text-color has-link-color wp-elements-a583e134072e754f9d05eadefa939cd5\"><strong>Aerosmith<\/strong><br>Walk this way<\/p>\n\n\n\n<p class=\"has-text-align-center has-ast-global-color-5-color has-text-color has-link-color wp-elements-379fb6f0d422d4f86fb5430c2b985f8a\"><strong>Alannah Myles<\/strong><br>Black Velvet<\/p>\n\n\n\n<p class=\"has-text-align-center has-ast-global-color-5-color has-text-color has-link-color wp-elements-8d50a7e7c16fc42c63eb691fe7134c96\"><strong>Beatles<\/strong><br>Back in the USSR<br>Can\u2019t buy me love<br>A hard days night<br>Get Back<br>Hey Jude<br>Sgt. Pepper<br>She loves you<\/p>\n\n\n\n<p class=\"has-text-align-center has-ast-global-color-5-color has-text-color has-link-color wp-elements-fd6bc87d813326d273d8d23a63b53c82\"><strong>Bryan Adams<\/strong><br>Run to you<br>Summer of &#8217;69<\/p>\n\n\n\n<p class=\"has-text-align-center has-ast-global-color-5-color has-text-color has-link-color wp-elements-71bd6d71361189afe73cfbb88d205af9\"><strong>Cheap Trick<\/strong><br>I want you to want me<\/p>\n\n\n\n<p class=\"has-text-align-center has-ast-global-color-5-color has-text-color has-link-color wp-elements-2c97ad284d49508fee496af40156baa0\"><strong>Deep Purple<\/strong><br>Smoke on the water<\/p>\n\n\n\n<p class=\"has-text-align-center has-ast-global-color-5-color has-text-color has-link-color wp-elements-2f32e305f5510bcc45a5678567d932ab\"><strong>Donna Summer<\/strong><br>Hot stuff<\/p>\n\n\n\n<p class=\"has-text-align-center has-ast-global-color-5-color has-text-color has-link-color wp-elements-83d61095651448d507bc2d67cf6b5296\"><strong>Eagles<\/strong><br>Heartache tonight<br>Lyin\u2018 eyes<br>New kid in town<br>Peaceful easy feeling<br>Take it easy<br>Take it to the limit<br>Tequila sunrise&nbsp;<\/p>\n\n\n\n<p class=\"has-text-align-center has-ast-global-color-5-color has-text-color has-link-color wp-elements-dc05040475cb931b3e9a515fa3a7137d\"><strong>Electric Light Orchestra<\/strong><br>Confusion<br>Rock&#8217;n&#8217;roll is king<\/p>\n\n\n\n<p class=\"has-text-align-center has-ast-global-color-5-color has-text-color has-link-color wp-elements-407603e56f80a6620b07ae24270f46d0\"><strong>Extreme<\/strong><br>More than words<\/p>\n\n\n\n<p class=\"has-text-align-center has-ast-global-color-5-color has-text-color has-link-color wp-elements-f2e8fdfd69a38a7ac6692613369b42a7\"><strong>Foreigner<\/strong><br>Urgent<\/p>\n\n\n\n<p class=\"has-text-align-center has-ast-global-color-5-color has-text-color has-link-color wp-elements-0d325c6e6a61693b87e9c27b4c1afa0d\"><strong>Free<\/strong><br>Alright now<\/p>\n\n\n\n<p class=\"has-text-align-center has-ast-global-color-5-color has-text-color has-link-color wp-elements-050b9bb9b6c85d2f24e4ff812b3d082b\"><strong>Gary Moore<\/strong><br>Walking by myself<\/p>\n\n\n\n<p class=\"has-text-align-center has-ast-global-color-5-color has-text-color has-link-color wp-elements-ea2b2296b0cfe80c5a835c377a3ef9f1\"><strong>Joe Cocker<\/strong><br>Unchain my Heart<br>With a little help&nbsp;from my friends<\/p>\n\n\n\n<p class=\"has-text-align-center has-ast-global-color-5-color has-text-color has-link-color wp-elements-6280e5c60c16b236592285d8b269a904\"><strong>John Miles<\/strong><br>Music<\/p>\n\n\n\n<p class=\"has-text-align-center has-ast-global-color-5-color has-text-color has-link-color wp-elements-781a09ca22270c2c5d2e567f7c3f2efb\"><strong>Kiss<\/strong><br>I was made for loving you<\/p>\n\n\n\n<p class=\"has-text-align-center has-ast-global-color-5-color has-text-color has-link-color wp-elements-1df6374294c131e4b012a1cd4f4a385a\"><strong>Kool &amp; Gang<\/strong><br>Celebration<\/p>\n\n\n\n<p class=\"has-text-align-center has-ast-global-color-5-color has-text-color has-link-color wp-elements-51bda69c01549bdbd7d32ed48f2f3840\"><strong>Led Zeppelin<\/strong><br>Whole lotta love<\/p>\n\n\n\n<p class=\"has-text-align-center has-ast-global-color-5-color has-text-color has-link-color wp-elements-7f9196413d2f480eda1fe83b57cdd7be\"><strong>Lynyrd Skynyrd<\/strong><br>Sweet home Alabama<\/p>\n\n\n\n<p class=\"has-text-align-center has-ast-global-color-5-color has-text-color has-link-color wp-elements-1456604f5d8e11bf9a22b38d7424a2bc\"><strong>Manfred Mann<\/strong><br>Blinded by the light<br>Davy&#8217;s on the road again<\/p>\n\n\n\n<p class=\"has-text-align-center has-ast-global-color-5-color has-text-color has-link-color wp-elements-a8353a3e080bdc99f4b517000d48f6a1\"><strong>McCoys<\/strong><br>Hang on Sloopy<\/p>\n\n\n\n<p class=\"has-text-align-center has-ast-global-color-5-color has-text-color has-link-color wp-elements-7922060a00f42304a7335527ae60aed0\"><strong>Michael Jackson<\/strong><br>Beat it<\/p>\n\n\n\n<p class=\"has-text-align-center has-ast-global-color-5-color has-text-color has-link-color wp-elements-eff2bbc24e01a3fb88806af8f0394ca6\"><strong>Nirvana<\/strong><br>Smells like teen spirit<\/p>\n\n\n\n<p class=\"has-text-align-center has-ast-global-color-5-color has-text-color has-link-color wp-elements-cc869bc8ce4c5fcd113a6253620bc591\"><strong>Police<\/strong><br>Every breath you take<\/p>\n\n\n\n<p class=\"has-text-align-center has-ast-global-color-5-color has-text-color has-link-color wp-elements-5035f8ffffb5c8aff5a018c6da8b2944\"><strong>Prince<\/strong><br>Purple Rain<\/p>\n\n\n\n<p class=\"has-text-align-center has-ast-global-color-5-color has-text-color has-link-color wp-elements-446787347413a266e51c2781185d54e8\"><strong>Queen<\/strong><br>Another one bites the dust<br>Crazy little thing<br>It&#8217;s a kind of magic<br>Show must go on<br>We will rock you<\/p>\n\n\n\n<p class=\"has-text-align-center has-ast-global-color-5-color has-text-color has-link-color wp-elements-0fc1733744194217c822cb5b6b483b95\"><strong>Reinhard Mey<\/strong><br>\u00dcber den Wolken<\/p>\n\n\n\n<p class=\"has-text-align-center has-ast-global-color-5-color has-text-color has-link-color wp-elements-1cc806ca02476c3021459f6481ad7f51\"><strong>Robbie Williams<\/strong><br>Angel<br>Let me entertain you<br>Rock DJ<\/p>\n\n\n\n<p class=\"has-text-align-center has-ast-global-color-5-color has-text-color has-link-color wp-elements-fcea540e3ddc81b6544eab80bfd242fc\"><strong>Robert Palmer<\/strong><br>Bad case of loving you<\/p>\n\n\n\n<p class=\"has-text-align-center has-ast-global-color-5-color has-text-color has-link-color wp-elements-4f3076795dfe8b26a71c5b2497a23531\"><strong>Rolling Stones<\/strong><br>Brown Sugar<br>Honky Tonk Woman<br>Satisfaction<br>Start me up<\/p>\n\n\n\n<p class=\"has-text-align-center has-ast-global-color-5-color has-text-color has-link-color wp-elements-1d9ed83121eced4015a528fda830742d\"><strong>Shocking Blue<\/strong><br>Venus<\/p>\n\n\n\n<p class=\"has-text-align-center has-ast-global-color-5-color has-text-color has-link-color wp-elements-f93f143b608a15957c2a4bce53081aaf\"><strong>Spencer Davis Group<\/strong><br>Gimme some lovin\u2019<\/p>\n\n\n\n<p class=\"has-text-align-center has-ast-global-color-5-color has-text-color has-link-color wp-elements-513a30f121b4d4d6311826d1e8e27b63\"><strong>Status Quo<\/strong><br>Whatever you want<br>Down down<br>Medley: Quo (12 Titel)<\/p>\n\n\n\n<p class=\"has-text-align-center has-ast-global-color-5-color has-text-color has-link-color wp-elements-2f37dbf6006f4903adb0f865520ca9cf\"><strong>Steppenwolf<\/strong><br>Born to be wild<\/p>\n\n\n\n<p class=\"has-text-align-center has-ast-global-color-5-color has-text-color has-link-color wp-elements-0f01122fe2b074f5b627dcdcd1d72b5f\"><strong>Sweet<\/strong><br>Ballroom Blitz<br>Little Willy<br>Wig Wam Bam<br><br><strong>The Knack<\/strong><br>My Sharona<\/p>\n\n\n\n<p class=\"has-text-align-center has-ast-global-color-5-color has-text-color has-link-color wp-elements-68955b72922d9ca21950d435070b5b1a\"><strong>Tina Turner<\/strong><br>Proud Mary<br>Simply the best<\/p>\n\n\n\n<p class=\"has-text-align-center has-ast-global-color-5-color has-text-color has-link-color wp-elements-0641f34cbf060ae502e80e032c37866d\"><strong>Toto<\/strong><br>Africa<br>Child\u2019s Anthem<br>Hold the line<\/p>\n\n\n\n<p class=\"has-text-align-center has-ast-global-color-5-color has-text-color has-link-color wp-elements-c041a4d3c706b5d8be566e50bf18a94c\"><strong>Van Halen<\/strong><br>Jump<br>You really got me<\/p>\n\n\n\n<p class=\"has-text-align-center has-ast-global-color-5-color has-text-color has-link-color wp-elements-3af386895d8ad2880814b054a5d294f8\"><strong>Westernhagen<\/strong><br>Pfefferminz<br>Sexy<\/p>\n\n\n\n<p class=\"has-text-align-center has-ast-global-color-5-color has-text-color has-link-color wp-elements-e7dc1c6d1256d5a5a5996d72196b416b\"><strong>Whitesnake<\/strong><br>Here I go again<\/p>\n\n\n\n<p class=\"has-text-align-center has-ast-global-color-5-color has-text-color has-link-color wp-elements-a780e0526a57bccee1f3c59b9d30136f\"><strong>ZZ Top<\/strong><br>Tush<\/p>\n\n\n\n<p><\/p>\n","protected":false},"excerpt":{"rendered":"<p>Wir bringen Euch zum Rocken! Perfekt sind wir nicht, aber wir k\u00f6nnen laut!Okay, vielleicht sind wir nicht mehr die bestaussehendste Band der Welt, aber wir k\u00f6nnen immer noch verdammt gut Musik machen. Und das ist es doch, was z\u00e4hlt, oder? Wir sind die Jonesgang (sprich: Joohnsg\u00e4ng) aus Hamburg und wir spielen alles, was uns und [&hellip;]<\/p>\n","protected":false},"author":1,"featured_media":0,"parent":0,"menu_order":0,"comment_status":"closed","ping_status":"closed","template":"","meta":{"site-sidebar-layout":"default","site-content-layout":"","ast-site-content-layout":"default","site-content-style":"default","site-sidebar-style":"default","ast-global-header-display":"","ast-banner-title-visibility":"","ast-main-header-display":"","ast-hfb-above-header-display":"","ast-hfb-below-header-display":"","ast-hfb-mobile-header-display":"","site-post-title":"disabled","ast-breadcrumbs-content":"","ast-featured-img":"","footer-sml-layout":"","ast-disable-related-posts":"","theme-transparent-header-meta":"","adv-header-id-meta":"","stick-header-meta":"","header-above-stick-meta":"","header-main-stick-meta":"","header-below-stick-meta":"","astra-migrate-meta-layouts":"set","ast-page-background-enabled":"default","ast-page-background-meta":{"desktop":{"background-color":"var(--ast-global-color-4)","background-image":"","background-repeat":"repeat","background-position":"center center","background-size":"auto","background-attachment":"scroll","background-type":"","background-media":"","overlay-type":"","overlay-color":"","overlay-opacity":"","overlay-gradient":""},"tablet":{"background-color":"","background-image":"","background-repeat":"repeat","background-position":"center center","background-size":"auto","background-attachment":"scroll","background-type":"","background-media":"","overlay-type":"","overlay-color":"","overlay-opacity":"","overlay-gradient":""},"mobile":{"background-color":"","background-image":"","background-repeat":"repeat","background-position":"center center","background-size":"auto","background-attachment":"scroll","background-type":"","background-media":"","overlay-type":"","overlay-color":"","overlay-opacity":"","overlay-gradient":""}},"ast-content-background-meta":{"desktop":{"background-color":"var(--ast-global-color-5)","background-image":"","background-repeat":"repeat","background-position":"center center","background-size":"auto","background-attachment":"scroll","background-type":"","background-media":"","overlay-type":"","overlay-color":"","overlay-opacity":"","overlay-gradient":""},"tablet":{"background-color":"var(--ast-global-color-5)","background-image":"","background-repeat":"repeat","background-position":"center center","background-size":"auto","background-attachment":"scroll","background-type":"","background-media":"","overlay-type":"","overlay-color":"","overlay-opacity":"","overlay-gradient":""},"mobile":{"background-color":"var(--ast-global-color-5)","background-image":"","background-repeat":"repeat","background-position":"center center","background-size":"auto","background-attachment":"scroll","background-type":"","background-media":"","overlay-type":"","overlay-color":"","overlay-opacity":"","overlay-gradient":""}},"footnotes":""},"class_list":["post-58","page","type-page","status-publish","hentry"],"_links":{"self":[{"href":"https:\/\/test.jonesgang.de\/index.php?rest_route=\/wp\/v2\/pages\/58","targetHints":{"allow":["GET"]}}],"collection":[{"href":"https:\/\/test.jonesgang.de\/index.php?rest_route=\/wp\/v2\/pages"}],"about":[{"href":"https:\/\/test.jonesgang.de\/index.php?rest_route=\/wp\/v2\/types\/page"}],"author":[{"embeddable":true,"href":"https:\/\/test.jonesgang.de\/index.php?rest_route=\/wp\/v2\/users\/1"}],"replies":[{"embeddable":true,"href":"https:\/\/test.jonesgang.de\/index.php?rest_route=%2Fwp%2Fv2%2Fcomments&post=58"}],"version-history":[{"count":50,"href":"https:\/\/test.jonesgang.de\/index.php?rest_route=\/wp\/v2\/pages\/58\/revisions"}],"predecessor-version":[{"id":248,"href":"https:\/\/test.jonesgang.de\/index.php?rest_route=\/wp\/v2\/pages\/58\/revisions\/248"}],"wp:attachment":[{"href":"https:\/\/test.jonesgang.de\/index.php?rest_route=%2Fwp%2Fv2%2Fmedia&parent=58"}],"curies":[{"name":"wp","href":"https:\/\/api.w.org\/{rel}","templated":true}]}}